{"id":45,"date":"2022-11-23T08:14:49","date_gmt":"2022-11-23T08:14:49","guid":{"rendered":"https:\/\/brufima.ch\/v1\/index.php\/home\/"},"modified":"2024-02-09T07:30:27","modified_gmt":"2024-02-09T07:30:27","slug":"home","status":"publish","type":"page","link":"https:\/\/brufima.ch\/","title":{"rendered":"Home"},"content":{"rendered":"\t\t<div data-elementor-type=\"wp-page\" data-elementor-id=\"45\" class=\"elementor elementor-45\">\n\t\t\t\t\t\t<section class=\"elementor-section elementor-top-section elementor-element elementor-element-1f20d52d elementor-section-full_width elementor-section-height-default elementor-section-height-default\" data-id=\"1f20d52d\" data-element_type=\"section\">\n\t\t\t\t\t\t<div class=\"elementor-container elementor-column-gap-default\">\n\t\t\t\t\t<div class=\"elementor-column elementor-col-50 elementor-top-column elementor-element elementor-element-b5d0e1\" data-id=\"b5d0e1\" data-element_type=\"column\">\n\t\t\t<div class=\"elementor-widget-wrap elementor-element-populated\">\n\t\t\t\t\t\t<div class=\"elementor-element elementor-element-3dc1fc90 elementor-widget elementor-widget-heading\" data-id=\"3dc1fc90\" data-element_type=\"widget\" data-widget_type=\"heading.default\">\n\t\t\t\t<div class=\"elementor-widget-container\">\n\t\t\t<style>\/*! elementor - v3.19.0 - 07-02-2024 *\/\n.elementor-heading-title{padding:0;margin:0;line-height:1}.elementor-widget-heading .elementor-heading-title[class*=elementor-size-]>a{color:inherit;font-size:inherit;line-height:inherit}.elementor-widget-heading .elementor-heading-title.elementor-size-small{font-size:15px}.elementor-widget-heading .elementor-heading-title.elementor-size-medium{font-size:19px}.elementor-widget-heading .elementor-heading-title.elementor-size-large{font-size:29px}.elementor-widget-heading .elementor-heading-title.elementor-size-xl{font-size:39px}.elementor-widget-heading .elementor-heading-title.elementor-size-xxl{font-size:59px}<\/style><h1 class=\"elementor-heading-title elementor-size-default\">brufima metall gmbh<\/h1>\t\t<\/div>\n\t\t\t\t<\/div>\n\t\t\t\t<div class=\"elementor-element elementor-element-6b076acd elementor-widget elementor-widget-heading\" data-id=\"6b076acd\" data-element_type=\"widget\" data-widget_type=\"heading.default\">\n\t\t\t\t<div class=\"elementor-widget-container\">\n\t\t\t<h2 class=\"elementor-heading-title elementor-size-default\">Metallbau und Metallbauplanung<\/h2>\t\t<\/div>\n\t\t\t\t<\/div>\n\t\t\t\t<div class=\"elementor-element elementor-element-4880df07 elementor-widget elementor-widget-heading\" data-id=\"4880df07\" data-element_type=\"widget\" data-widget_type=\"heading.default\">\n\t\t\t\t<div class=\"elementor-widget-container\">\n\t\t\t<h3 class=\"elementor-heading-title elementor-size-default\">Hier erhalten Sie einen Einblick in unser\nT\u00e4tigkeitsfeld und den Betrieb. Unsere\nFirma in Rehetobel erbringt Dienstleistungen\nrund um den Metallbau und die Metallbauplanung.<\/h3>\t\t<\/div>\n\t\t\t\t<\/div>\n\t\t\t\t\t<\/div>\n\t\t<\/div>\n\t\t\t\t<div class=\"elementor-column elementor-col-50 elementor-top-column elementor-element elementor-element-2871e627\" data-id=\"2871e627\" data-element_type=\"column\">\n\t\t\t<div class=\"elementor-widget-wrap elementor-element-populated\">\n\t\t\t\t\t\t<div class=\"elementor-element elementor-element-7dfc2793 elementor-widget-mobile__width-initial elementor-invisible elementor-widget elementor-widget-image\" data-id=\"7dfc2793\" data-element_type=\"widget\" data-settings=\"{&quot;_animation&quot;:&quot;fadeIn&quot;}\" data-widget_type=\"image.default\">\n\t\t\t\t<div class=\"elementor-widget-container\">\n\t\t\t<style>\/*! elementor - v3.19.0 - 07-02-2024 *\/\n.elementor-widget-image{text-align:center}.elementor-widget-image a{display:inline-block}.elementor-widget-image a img[src$=\".svg\"]{width:48px}.elementor-widget-image img{vertical-align:middle;display:inline-block}<\/style>\t\t\t\t\t\t\t\t\t\t<img decoding=\"async\" src=\"https:\/\/brufima.ch\/wp-content\/uploads\/elementor\/thumbs\/DSC02158-e1669214443622-py51taq7btcnixi0d6ynwikrt7u5k7b5fci3s7mwm8.jpg\" title=\"DSC02158\" alt=\"DSC02158\" loading=\"lazy\" \/>\t\t\t\t\t\t\t\t\t\t\t\t\t<\/div>\n\t\t\t\t<\/div>\n\t\t\t\t\t<\/div>\n\t\t<\/div>\n\t\t\t\t\t<\/div>\n\t\t<\/section>\n\t\t\t\t<section class=\"elementor-section elementor-top-section elementor-element elementor-element-793c724b elementor-section-full_width elementor-reverse-tablet elementor-reverse-mobile elementor-section-height-default elementor-section-height-default\" data-id=\"793c724b\" data-element_type=\"section\">\n\t\t\t\t\t\t<div class=\"elementor-container elementor-column-gap-wider\">\n\t\t\t\t\t<div class=\"elementor-column elementor-col-50 elementor-top-column elementor-element elementor-element-479a8d2f\" data-id=\"479a8d2f\" data-element_type=\"column\">\n\t\t\t<div class=\"elementor-widget-wrap elementor-element-populated\">\n\t\t\t\t\t\t<div class=\"elementor-element elementor-element-794030d1 elementor-widget elementor-widget-image\" data-id=\"794030d1\" data-element_type=\"widget\" data-widget_type=\"image.default\">\n\t\t\t\t<div class=\"elementor-widget-container\">\n\t\t\t\t\t\t\t\t\t\t\t\t\t<img decoding=\"async\" src=\"https:\/\/brufima.ch\/wp-content\/uploads\/elementor\/thumbs\/img_5426-pygr5fdunrdkpay25787ie3a142426qcim7wg7p6sg.jpg\" title=\"img_5426\" alt=\"img_5426\" loading=\"lazy\" \/>\t\t\t\t\t\t\t\t\t\t\t\t\t<\/div>\n\t\t\t\t<\/div>\n\t\t\t\t\t<\/div>\n\t\t<\/div>\n\t\t\t\t<div class=\"elementor-column elementor-col-50 elementor-top-column elementor-element elementor-element-6104070\" data-id=\"6104070\" data-element_type=\"column\">\n\t\t\t<div class=\"elementor-widget-wrap elementor-element-populated\">\n\t\t\t\t\t\t<div class=\"elementor-element elementor-element-37725c43 elementor-widget elementor-widget-text-editor\" data-id=\"37725c43\" data-element_type=\"widget\" data-widget_type=\"text-editor.default\">\n\t\t\t\t<div class=\"elementor-widget-container\">\n\t\t\t<style>\/*! elementor - v3.19.0 - 07-02-2024 *\/\n.elementor-widget-text-editor.elementor-drop-cap-view-stacked .elementor-drop-cap{background-color:#69727d;color:#fff}.elementor-widget-text-editor.elementor-drop-cap-view-framed .elementor-drop-cap{color:#69727d;border:3px solid;background-color:transparent}.elementor-widget-text-editor:not(.elementor-drop-cap-view-default) .elementor-drop-cap{margin-top:8px}.elementor-widget-text-editor:not(.elementor-drop-cap-view-default) .elementor-drop-cap-letter{width:1em;height:1em}.elementor-widget-text-editor .elementor-drop-cap{float:left;text-align:center;line-height:1;font-size:50px}.elementor-widget-text-editor .elementor-drop-cap-letter{display:inline-block}<\/style>\t\t\t\t<div class=\"postcontent\"><p>Brufima metall gmbh steht f\u00fcr Qualit\u00e4t, Kompetenz und Kreativit\u00e4t in jeglicher Form!<\/p><p>Wir bieten seit 2006 L\u00f6sungen in verschiedenster Art in den Bereichen Metallbau und Metallbauplanung. Mit qualitativ erstklassigen Ausf\u00fchrungen empfehlen wir uns bei der Kundschaft f\u00fcr eine langj\u00e4hrige, partnerschaftliche Zusammenarbeit. Gr\u00f6ssere Metallbauauftr\u00e4ge werden oft in Zusammenarbeit mit einem anderen Metallbauer ausgef\u00fchrt.<\/p><p>Leistungsbereitschaft, faire und fachliche Beratung und ein gutes Gesch\u00e4ftsverh\u00e4ltnis mit der Kundschaft sind unsere Qualit\u00e4tsmerkmale.<\/p><p>Eine Auswahl unseres Produktesortimentes und \u00fcber unsere Referenzprojekte finden Sie in unser <a href=\"https:\/\/brufima.ch\/index.php\/leer\/\">Produkte\u00fcbersicht<\/a> und in unseren <a href=\"https:\/\/brufima.ch\/index.php\/leer\/\" data-wplink-edit=\"true\">Projekten<\/a>.<\/p><\/div>\t\t\t\t\t\t<\/div>\n\t\t\t\t<\/div>\n\t\t\t\t\t<\/div>\n\t\t<\/div>\n\t\t\t\t\t<\/div>\n\t\t<\/section>\n\t\t\t\t<section class=\"elementor-section elementor-top-section elementor-element elementor-element-781783 elementor-section-full_width elementor-section-height-default elementor-section-height-default\" data-id=\"781783\" data-element_type=\"section\">\n\t\t\t\t\t\t<div class=\"elementor-container elementor-column-gap-no\">\n\t\t\t\t\t<div class=\"elementor-column elementor-col-100 elementor-top-column elementor-element elementor-element-36d086d5\" data-id=\"36d086d5\" data-element_type=\"column\">\n\t\t\t<div class=\"elementor-widget-wrap elementor-element-populated\">\n\t\t\t\t\t\t<div class=\"elementor-element elementor-element-7ef42b2 elementor-widget elementor-widget-image\" data-id=\"7ef42b2\" data-element_type=\"widget\" data-widget_type=\"image.default\">\n\t\t\t\t<div class=\"elementor-widget-container\">\n\t\t\t\t\t\t\t\t\t\t\t\t\t<img fetchpriority=\"high\" decoding=\"async\" width=\"1016\" height=\"179\" src=\"https:\/\/brufima.ch\/wp-content\/uploads\/2024\/01\/foot2.jpg\" class=\"attachment-full size-full wp-image-287\" alt=\"\" srcset=\"https:\/\/brufima.ch\/wp-content\/uploads\/2024\/01\/foot2.jpg 1016w, https:\/\/brufima.ch\/wp-content\/uploads\/2024\/01\/foot2-300x53.jpg 300w, https:\/\/brufima.ch\/wp-content\/uploads\/2024\/01\/foot2-768x135.jpg 768w\" sizes=\"(max-width: 1016px) 100vw, 1016px\" \/>\t\t\t\t\t\t\t\t\t\t\t\t\t<\/div>\n\t\t\t\t<\/div>\n\t\t\t\t\t<\/div>\n\t\t<\/div>\n\t\t\t\t\t<\/div>\n\t\t<\/section>\n\t\t\t\t<\/div>\n\t\t","protected":false},"excerpt":{"rendered":"<p>brufima metall gmbh Metallbau und Metallbauplanung Hier erhalten Sie einen Einblick in unser T\u00e4tigkeitsfeld und den Betrieb. Unsere Firma in Rehetobel erbringt Dienstleistungen rund um den Metallbau und die Metallbauplanung. Brufima metall gmbh steht f\u00fcr Qualit\u00e4t, Kompetenz und Kreativit\u00e4t in jeglicher Form! Wir bieten seit 2006 L\u00f6sungen in verschiedenster Art in den Bereichen Metallbau und [&hellip;]<\/p>\n","protected":false},"author":1,"featured_media":0,"parent":0,"menu_order":0,"comment_status":"closed","ping_status":"closed","template":"elementor_header_footer","meta":{"inline_featured_image":false,"footnotes":""},"_links":{"self":[{"href":"https:\/\/brufima.ch\/index.php\/wp-json\/wp\/v2\/pages\/45"}],"collection":[{"href":"https:\/\/brufima.ch\/index.php\/wp-json\/wp\/v2\/pages"}],"about":[{"href":"https:\/\/brufima.ch\/index.php\/wp-json\/wp\/v2\/types\/page"}],"author":[{"embeddable":true,"href":"https:\/\/brufima.ch\/index.php\/wp-json\/wp\/v2\/users\/1"}],"replies":[{"embeddable":true,"href":"https:\/\/brufima.ch\/index.php\/wp-json\/wp\/v2\/comments?post=45"}],"version-history":[{"count":117,"href":"https:\/\/brufima.ch\/index.php\/wp-json\/wp\/v2\/pages\/45\/revisions"}],"predecessor-version":[{"id":477,"href":"https:\/\/brufima.ch\/index.php\/wp-json\/wp\/v2\/pages\/45\/revisions\/477"}],"wp:attachment":[{"href":"https:\/\/brufima.ch\/index.php\/wp-json\/wp\/v2\/media?parent=45"}],"curies":[{"name":"wp","href":"https:\/\/api.w.org\/{rel}","templated":true}]}}